{"id":2072,"date":"2022-05-25T11:09:02","date_gmt":"2022-05-25T11:09:02","guid":{"rendered":"https:\/\/otaru.qodeinteractive.com\/?page_id=2072"},"modified":"2025-03-18T23:54:23","modified_gmt":"2025-03-18T23:54:23","slug":"about-us","status":"publish","type":"page","link":"https:\/\/empiremediafactory.com\/?page_id=2072","title":{"rendered":"Nosotros"},"content":{"rendered":"\t\t<div data-elementor-type=\"wp-page\" data-elementor-id=\"2072\" class=\"elementor elementor-2072\">\n\t\t\t\t\t\t<section class=\"elementor-section elementor-top-section elementor-element elementor-element-2d7ba10 elementor-section-full_width elementor-section-height-default elementor-section-height-default qodef-elementor-content-no\" data-id=\"2d7ba10\" data-element_type=\"section\">\n\t\t\t\t\t\t\t<div class=\"elementor-background-overlay\"><\/div>\n\t\t\t\t\t\t\t<div class=\"elementor-container elementor-column-gap-default\">\n\t\t\t\t\t<div class=\"elementor-column elementor-col-100 elementor-top-column elementor-element elementor-element-567d02d\" data-id=\"567d02d\" data-element_type=\"column\">\n\t\t\t<div class=\"elementor-widget-wrap elementor-element-populated\">\n\t\t\t\t\t\t<div class=\"elementor-element elementor-element-ba7b858 elementor-widget__width-initial elementor-widget-tablet__width-inherit elementor-widget elementor-widget-otaru_core_section_title\" data-id=\"ba7b858\" data-element_type=\"widget\" data-widget_type=\"otaru_core_section_title.default\">\n\t\t\t\t<div class=\"elementor-widget-container\">\n\t\t\t\t\t<div class=\"qodef-shortcode qodef-m  qodef-section-title qodef-alignment--left   \">\n\t\t\t<h4 class=\"qodef-m-title\" >\n\t\tEmpire Media Factory es mucho m\u00e1s que una agencia de marketing digital; somos creadores de estrategias.\t\t<\/h4>\n\t\t<\/div>\n\t\t\t\t<\/div>\n\t\t\t\t<\/div>\n\t\t\t\t<div class=\"elementor-element elementor-element-33ed23b elementor-widget__width-initial elementor-widget elementor-widget-otaru_core_section_title\" data-id=\"33ed23b\" data-element_type=\"widget\" data-widget_type=\"otaru_core_section_title.default\">\n\t\t\t\t<div class=\"elementor-widget-container\">\n\t\t\t\t\t<div class=\"qodef-shortcode qodef-m  qodef-section-title qodef-alignment--left   \">\n\t\t\t\t<p class=\"qodef-m-text\" >Nuestra historia est\u00e1 marcada por un compromiso constante con la excelencia, la creatividad y los resultados.<\/p>\n\t<\/div>\n\t\t\t\t<\/div>\n\t\t\t\t<\/div>\n\t\t\t\t\t<\/div>\n\t\t<\/div>\n\t\t\t\t\t<\/div>\n\t\t<\/section>\n\t\t\t\t<section class=\"elementor-section elementor-top-section elementor-element elementor-element-46b9aa2 elementor-section-full_width qodef-elementor-content-grid elementor-section-height-default elementor-section-height-default\" data-id=\"46b9aa2\" data-element_type=\"section\">\n\t\t\t\t\t\t<div class=\"elementor-container elementor-column-gap-default\">\n\t\t\t\t\t<div class=\"elementor-column elementor-col-33 elementor-top-column elementor-element elementor-element-0ef9bdf\" data-id=\"0ef9bdf\" data-element_type=\"column\">\n\t\t\t<div class=\"elementor-widget-wrap elementor-element-populated\">\n\t\t\t\t\t\t<div class=\"elementor-element elementor-element-ef7c014 elementor-widget-mobile__width-inherit elementor-widget elementor-widget-otaru_core_icon_with_text\" data-id=\"ef7c014\" data-element_type=\"widget\" data-widget_type=\"otaru_core_icon_with_text.default\">\n\t\t\t\t<div class=\"elementor-widget-container\">\n\t\t\t\t\t<div class=\"qodef-shortcode qodef-m  qodef-icon-with-text qodef-layout--top qodef--svg-code  qodef-alignment--left\" >\n\t<div class=\"qodef-m-icon-wrapper\">\n\t\t\t\t\t<svg xmlns=\"http:\/\/www.w3.org\/2000\/svg\" width=\"100\" height=\"82\" viewBox=\"0 0 100 82\" style=\"enable-background:new 0 0 100 82\" xml:space=\"preserve\">\n  <path d=\"m.1 38.4 10.2 17.2L.1 73l5.5 9h89.1l5.3-8.9-5.1-8.6H56l5-8.6-14.9-26.7H5.3L.1 38.4zm1.5 34.4 10.2-17.2L1.6 38.2l4.1-7.3 14.1 24.7L5.9 79.7l-4.3-6.9zm48.2-17.2-4.4 7.8-9.2-16.3 4.1-7.5 9.5 16zm-14.6-8.9h-9.4l-4.2-7.4h17.7l-4.1 7.4zm0 1.3 9.2 16.5H26.2l4.8-8.6-4.4-7.9h8.6zM7 80.7l13.9-24.3H29l-9.6 17.3h78.5l-4 6.9H7zm87.1-14.9 4 6.8H21.7l3.8-7.3v.5h68.6zm-47.5-1.3 4.4-8h8.1l-4.6 8h-7.9zm12.5-9.2H51L40.8 38H19.4L29 55.1l-8.1.1L6.8 30.5h38.5l13.8 24.8z\" fill=\"#7e7c7c\"\/>\n<\/svg>\t\t<\/div>\n\t<div class=\"qodef-m-content\">\n\t\t\t<h4 class=\"qodef-m-title\" style=\"margin-top: 10px\">\n\t\t\t\t\t<span class=\"qodef-m-title-text\">Preparaci\u00f3n<\/span>\n\t\t\t<\/h4>\n\t\t\t<p class=\"qodef-m-text\" style=\"font-size: 18px;margin-top: 18px\">Empoderar a negocios de todos los tama\u00f1os con estrategias de marketing digital efectivas<\/p>\n\t<\/div>\n<\/div>\n\t\t\t\t<\/div>\n\t\t\t\t<\/div>\n\t\t\t\t\t<\/div>\n\t\t<\/div>\n\t\t\t\t<div class=\"elementor-column elementor-col-33 elementor-top-column elementor-element elementor-element-936f72e\" data-id=\"936f72e\" data-element_type=\"column\">\n\t\t\t<div class=\"elementor-widget-wrap elementor-element-populated\">\n\t\t\t\t\t\t<div class=\"elementor-element elementor-element-426e8e7 elementor-widget-mobile__width-inherit elementor-widget elementor-widget-otaru_core_icon_with_text\" data-id=\"426e8e7\" data-element_type=\"widget\" data-widget_type=\"otaru_core_icon_with_text.default\">\n\t\t\t\t<div class=\"elementor-widget-container\">\n\t\t\t\t\t<div class=\"qodef-shortcode qodef-m  qodef-icon-with-text qodef-layout--top qodef--svg-code  qodef-alignment--left\" >\n\t<div class=\"qodef-m-icon-wrapper\">\n\t\t\t\t\t<svg xmlns=\"http:\/\/www.w3.org\/2000\/svg\" x=\"0\" y=\"0\" width=\"100\" height=\"82\" viewBox=\"0 0 100 82\" style=\"enable-background:new 0 0 100 82\" xml:space=\"preserve\">\n  <path d=\"M62.1 44.9 35.8 60 9.5 44.9 0 50.4v10.9l35.4 20.2.3.2 35.7-20.6v-11l-9.3-5.2zM1.5 60.5v-8.4L35 71.3v8.4L1.5 60.5zM35.8 70 2.2 50.8l7.3-4.3 26.2 15.1L62 46.5l7.2 4.1L35.8 70zM70 60.4 36.5 79.7v-8.4L70 51.9v8.5z\" fill=\"#7e7c7c\"\/>\n  <path d=\"M35.7 22H50L26 35.7v11.2l9.6 5.2L71 31.8V20.7l-13.7-7.9H43.7V4.9l-8-4.7L0 20.7v11.1L9.3 37l26.4-15zm-.9-1.1-24.7 14v-8.3l24.8-14.2-.1 8.5zM34.7 50l-7.3-4v-8.6l7.3 4V50zm34.9-19.1L36.2 50.1v-8.6l33.4-19.1v8.5zm-33.8-29 6.5 3.8v8.6H57l11.9 6.8-33.4 19.1-7.3-4 27.3-15.6H36.2V9.9L9.3 25.3l-7.1-4.2L35.8 1.9zm-34.3 29v-8.6l7.1 4.2v8.4l-7.1-4z\" fill=\"#7e7c7c\"\/>\n<\/svg>\t\t<\/div>\n\t<div class=\"qodef-m-content\">\n\t\t\t<h4 class=\"qodef-m-title\" style=\"margin-top: 10px\">\n\t\t\t\t\t<span class=\"qodef-m-title-text\">Mentor\u00eda<\/span>\n\t\t\t<\/h4>\n\t\t\t<p class=\"qodef-m-text\" style=\"font-size: 18px;margin-top: 18px\">Convertirnos en el socio estrat\u00e9gico m\u00e1s confiable y reconocido para empresas que buscan destacar, crecer y liderar en sus respectivas industrias.<\/p>\n\t<\/div>\n<\/div>\n\t\t\t\t<\/div>\n\t\t\t\t<\/div>\n\t\t\t\t\t<\/div>\n\t\t<\/div>\n\t\t\t\t<div class=\"elementor-column elementor-col-33 elementor-top-column elementor-element elementor-element-b3a13ac\" data-id=\"b3a13ac\" data-element_type=\"column\">\n\t\t\t<div class=\"elementor-widget-wrap elementor-element-populated\">\n\t\t\t\t\t\t<div class=\"elementor-element elementor-element-a95edab elementor-widget-mobile__width-inherit elementor-widget elementor-widget-otaru_core_icon_with_text\" data-id=\"a95edab\" data-element_type=\"widget\" data-widget_type=\"otaru_core_icon_with_text.default\">\n\t\t\t\t<div class=\"elementor-widget-container\">\n\t\t\t\t\t<div class=\"qodef-shortcode qodef-m  qodef-icon-with-text qodef-layout--top qodef--svg-code  qodef-alignment--left\" >\n\t<div class=\"qodef-m-icon-wrapper\">\n\t\t\t\t\t<svg xmlns=\"http:\/\/www.w3.org\/2000\/svg\" x=\"0\" y=\"0\" width=\"100\" height=\"82\" viewBox=\"0 0 100 82\" style=\"enable-background:new 0 0 100 82\" xml:space=\"preserve\">\n  <path d=\"m41.4 39-5.5-9.5H5.8L0 38.7l10.2 16.9L0 73.3l5.8 9h39.7L66 47.7h7.8l-4.5 8.1 4.4 7.6-8.9.1-5.6 9.7 5.7 9.2h30.3L100 73l-9.3-17.5L100 39l-5-9.5H55L35 64.1h-8.1l4.8-8.3-4.7-8 9 .1 5.4-8.9zm-15.2 7.5-4-6.7h17.2l-4.2 6.8-9-.1zm13.3-8.1H19.9l9.9 17h-8.5l-14-24.6h27.8l4.4 7.6zm-38 34.7 10.2-17.5L1.5 38.7l4.6-7.4L20 55.7 6.1 80.1l-4.6-7zM44.8 81H7.3l13.9-24.4h8.5l-10 17.2h21.2l19.8-34.1 37.4-.2-8.7 15.3h-8.1l4.5-8.6-20.6.1L44.8 81zm25.7-9-4.1-7.4 19.5-.1-4.5-8.3h8.2l8.6 16-27.7-.2zm.3-16.3 4.5-8.1h8.4l-4.2 7.9 4.2 7.7-8.4.1-4.5-7.6zm-10 17.2 4.5-7.6 4.1 7.3-4.1 7.5-4.5-7.2zm5.6 8.1 4.1-7.6 27.7.2-3.8 7.4h-28zm31.8-42.7-37.5.1-4.2-7.6h37.7l4 7.5zm-42.8-7 4.2 7.6-19 32.7-4.4-7.1 19.2-33.2zM35 65.4l4.4 7.1H22l4.1-7.1H35z\" fill=\"#7e7c7c\"\/>\n<\/svg>\t\t<\/div>\n\t<div class=\"qodef-m-content\">\n\t\t\t<h4 class=\"qodef-m-title\" style=\"margin-top: 10px\">\n\t\t\t\t\t<span class=\"qodef-m-title-text\">Exclusivo<\/span>\n\t\t\t<\/h4>\n\t\t\t<p class=\"qodef-m-text\" style=\"font-size: 18px;margin-top: 18px\">Cada cliente es \u00fanico,  nuestras estrategias se adaptan a las metas y necesidades espec\u00edficas de tu negocio.<\/p>\n\t<\/div>\n<\/div>\n\t\t\t\t<\/div>\n\t\t\t\t<\/div>\n\t\t\t\t\t<\/div>\n\t\t<\/div>\n\t\t\t\t\t<\/div>\n\t\t<\/section>\n\t\t\t\t<section class=\"elementor-section elementor-top-section elementor-element elementor-element-6813b0d elementor-section-full_width qodef-elementor-content-grid elementor-section-height-default elementor-section-height-default\" data-id=\"6813b0d\" data-element_type=\"section\">\n\t\t\t\t\t\t<div class=\"elementor-container elementor-column-gap-default\">\n\t\t\t\t\t<div class=\"elementor-column elementor-col-50 elementor-top-column elementor-element elementor-element-46b6311\" data-id=\"46b6311\" data-element_type=\"column\">\n\t\t\t<div class=\"elementor-widget-wrap elementor-element-populated\">\n\t\t\t\t\t\t<div class=\"elementor-element elementor-element-4e4f7ec elementor-widget elementor-widget-otaru_core_section_title\" data-id=\"4e4f7ec\" data-element_type=\"widget\" data-widget_type=\"otaru_core_section_title.default\">\n\t\t\t\t<div class=\"elementor-widget-container\">\n\t\t\t\t\t<div class=\"qodef-shortcode qodef-m  qodef-section-title qodef-alignment--left   \">\n\t\t\t<h4 class=\"qodef-m-title\" >\n\t\tDesde nuestros humildes comienzos, hemos cre\u00eddo en el poder de las ideas y en c\u00f3mo el marketing bien ejecutado puede transformar negocios.\t\t<\/h4>\n\t\t<\/div>\n\t\t\t\t<\/div>\n\t\t\t\t<\/div>\n\t\t\t\t<div class=\"elementor-element elementor-element-40c79e5 elementor-widget__width-initial elementor-widget-tablet__width-inherit elementor-widget elementor-widget-otaru_core_section_title\" data-id=\"40c79e5\" data-element_type=\"widget\" data-widget_type=\"otaru_core_section_title.default\">\n\t\t\t\t<div class=\"elementor-widget-container\">\n\t\t\t\t\t<div class=\"qodef-shortcode qodef-m  qodef-section-title qodef-alignment--left   \">\n\t\t\t\t<p class=\"qodef-m-text\" >En estos 20 a\u00f1os, hemos visto la evoluci\u00f3n del marketing: desde los primeros d\u00edas de las redes sociales hasta el impacto de la inteligencia artificial.<\/p>\n\t<\/div>\n\t\t\t\t<\/div>\n\t\t\t\t<\/div>\n\t\t\t\t\t<\/div>\n\t\t<\/div>\n\t\t\t\t<div class=\"elementor-column elementor-col-50 elementor-top-column elementor-element elementor-element-1499e03\" data-id=\"1499e03\" data-element_type=\"column\">\n\t\t\t<div class=\"elementor-widget-wrap elementor-element-populated\">\n\t\t\t\t\t\t<div class=\"elementor-element elementor-element-9cefa98 elementor-widget-tablet__width-inherit elementor-widget elementor-widget-otaru_core_progress_bar\" data-id=\"9cefa98\" data-element_type=\"widget\" data-widget_type=\"otaru_core_progress_bar.default\">\n\t\t\t\t<div class=\"elementor-widget-container\">\n\t\t\t\t\t<div class=\"qodef-shortcode qodef-m  qodef-progress-bar qodef-layout--line\" data-layout=\"line\" data-active-line-color=\"#ffffff\" data-active-line-width=\"1\" data-inactive-line-color=\"#282828\" data-inactive-line-width=\"1\"  data-number=\"95\" data-text-color=\"#ffffff\">\n\t<div class=\"qodef-m-inner\">\n\t\t<div class=\"qodef-m-canvas\">\n\t\t<\/div>\n\t\t\t\t\t<h6 class=\"qodef-m-title\" >\n\t\t\tTecnolog\u00eda moderna\t\t\t<\/h6>\n\t\t\t\t\t<\/div>\n<\/div>\n\t\t\t\t<\/div>\n\t\t\t\t<\/div>\n\t\t\t\t<div class=\"elementor-element elementor-element-1d56232 elementor-widget-tablet__width-inherit elementor-widget elementor-widget-otaru_core_progress_bar\" data-id=\"1d56232\" data-element_type=\"widget\" data-widget_type=\"otaru_core_progress_bar.default\">\n\t\t\t\t<div class=\"elementor-widget-container\">\n\t\t\t\t\t<div class=\"qodef-shortcode qodef-m  qodef-progress-bar qodef-layout--line\" data-layout=\"line\" data-active-line-color=\"#ffffff\" data-active-line-width=\"1\" data-inactive-line-color=\"#282828\" data-inactive-line-width=\"1\"  data-number=\"100\" data-text-color=\"#ffffff\">\n\t<div class=\"qodef-m-inner\">\n\t\t<div class=\"qodef-m-canvas\">\n\t\t<\/div>\n\t\t\t\t\t<h6 class=\"qodef-m-title\" >\n\t\t\tCalidad de trabajo\t\t\t<\/h6>\n\t\t\t\t\t<\/div>\n<\/div>\n\t\t\t\t<\/div>\n\t\t\t\t<\/div>\n\t\t\t\t<div class=\"elementor-element elementor-element-716ce5e elementor-widget-tablet__width-inherit elementor-widget elementor-widget-otaru_core_progress_bar\" data-id=\"716ce5e\" data-element_type=\"widget\" data-widget_type=\"otaru_core_progress_bar.default\">\n\t\t\t\t<div class=\"elementor-widget-container\">\n\t\t\t\t\t<div class=\"qodef-shortcode qodef-m  qodef-progress-bar qodef-layout--line\" data-layout=\"line\" data-active-line-color=\"#ffffff\" data-active-line-width=\"1\" data-inactive-line-color=\"#282828\" data-inactive-line-width=\"1\"  data-number=\"95\" data-text-color=\"#ffffff\">\n\t<div class=\"qodef-m-inner\">\n\t\t<div class=\"qodef-m-canvas\">\n\t\t<\/div>\n\t\t\t\t\t<h6 class=\"qodef-m-title\" >\n\t\t\tEjecuci\u00f3nes online y offline\t\t\t<\/h6>\n\t\t\t\t\t<\/div>\n<\/div>\n\t\t\t\t<\/div>\n\t\t\t\t<\/div>\n\t\t\t\t<div class=\"elementor-element elementor-element-811c5fd elementor-widget-tablet__width-inherit elementor-widget elementor-widget-otaru_core_progress_bar\" data-id=\"811c5fd\" data-element_type=\"widget\" data-widget_type=\"otaru_core_progress_bar.default\">\n\t\t\t\t<div class=\"elementor-widget-container\">\n\t\t\t\t\t<div class=\"qodef-shortcode qodef-m  qodef-progress-bar qodef-layout--line\" data-layout=\"line\" data-active-line-color=\"#ffffff\" data-active-line-width=\"1\" data-inactive-line-color=\"#282828\" data-inactive-line-width=\"1\"  data-number=\"100\" data-text-color=\"#ffffff\">\n\t<div class=\"qodef-m-inner\">\n\t\t<div class=\"qodef-m-canvas\">\n\t\t<\/div>\n\t\t\t\t\t<h6 class=\"qodef-m-title\" >\n\t\t\tServicio al cliente\t\t\t<\/h6>\n\t\t\t\t\t<\/div>\n<\/div>\n\t\t\t\t<\/div>\n\t\t\t\t<\/div>\n\t\t\t\t\t<\/div>\n\t\t<\/div>\n\t\t\t\t\t<\/div>\n\t\t<\/section>\n\t\t\t\t<section class=\"elementor-section elementor-top-section elementor-element elementor-element-121ac8fd elementor-section-full_width elementor-section-height-default elementor-section-height-default qodef-elementor-content-no\" data-id=\"121ac8fd\" data-element_type=\"section\">\n\t\t\t\t\t\t<div class=\"elementor-container elementor-column-gap-default\">\n\t\t\t\t\t<div class=\"elementor-column elementor-col-50 elementor-top-column elementor-element elementor-element-5f632803 elementor-hidden-mobile\" data-id=\"5f632803\" data-element_type=\"column\" data-settings=\"{&quot;background_background&quot;:&quot;classic&quot;}\">\n\t\t\t<div class=\"elementor-widget-wrap\">\n\t\t\t\t\t\t\t<\/div>\n\t\t<\/div>\n\t\t\t\t<div class=\"elementor-column elementor-col-50 elementor-top-column elementor-element elementor-element-4c1df243\" data-id=\"4c1df243\" data-element_type=\"column\">\n\t\t\t<div class=\"elementor-widget-wrap elementor-element-populated\">\n\t\t\t\t\t\t<section class=\"elementor-section elementor-inner-section elementor-element elementor-element-2e706c41 elementor-section-boxed elementor-section-height-default elementor-section-height-default qodef-elementor-content-no\" data-id=\"2e706c41\" data-element_type=\"section\">\n\t\t\t\t\t\t<div class=\"elementor-container elementor-column-gap-default\">\n\t\t\t\t\t<div class=\"elementor-column elementor-col-100 elementor-inner-column elementor-element elementor-element-2bb1b582\" data-id=\"2bb1b582\" data-element_type=\"column\">\n\t\t\t<div class=\"elementor-widget-wrap\">\n\t\t\t\t\t\t\t<\/div>\n\t\t<\/div>\n\t\t\t\t\t<\/div>\n\t\t<\/section>\n\t\t\t\t<div class=\"elementor-element elementor-element-4b00fbf9 elementor-widget__width-initial elementor-widget elementor-widget-otaru_core_counter\" data-id=\"4b00fbf9\" data-element_type=\"widget\" data-widget_type=\"otaru_core_counter.default\">\n\t\t\t\t<div class=\"elementor-widget-container\">\n\t\t\t\t\t<div class=\"qodef-shortcode qodef-m  qodef-counter qodef-layout--simple\" data-end-digit=\"20\" data-digit-label=\"+\">\n\t<div class=\"qodef-m-digit-wrapper\">\n\t\t<span class=\"qodef-m-digit\" ><\/span>\n\t<\/div>\n\t<div class=\"qodef-m-content\">\n\t\t\t<h5 class=\"qodef-m-title\" >\n\t\t\t\t\tA\u00f1os de experiencia\t\t\t<\/h5>\n\t\t\t<\/div>\n<\/div>\n\t\t\t\t<\/div>\n\t\t\t\t<\/div>\n\t\t\t\t<section class=\"elementor-section elementor-inner-section elementor-element elementor-element-2050aaa2 elementor-section-boxed elementor-section-height-default elementor-section-height-default qodef-elementor-content-no\" data-id=\"2050aaa2\" data-element_type=\"section\">\n\t\t\t\t\t\t<div class=\"elementor-container elementor-column-gap-default\">\n\t\t\t\t\t<div class=\"elementor-column elementor-col-100 elementor-inner-column elementor-element elementor-element-794dbc1b\" data-id=\"794dbc1b\" data-element_type=\"column\">\n\t\t\t<div class=\"elementor-widget-wrap elementor-element-populated\">\n\t\t\t\t\t\t<div class=\"elementor-element elementor-element-20980f62 elementor-widget__width-initial elementor-widget elementor-widget-otaru_core_section_title\" data-id=\"20980f62\" data-element_type=\"widget\" data-widget_type=\"otaru_core_section_title.default\">\n\t\t\t\t<div class=\"elementor-widget-container\">\n\t\t\t\t\t<div class=\"qodef-shortcode qodef-m  qodef-section-title qodef-alignment--left   \">\n\t\t\t\t<p class=\"qodef-m-text\" >Nos permiten hacer efectivamente la creaci\u00f3n de contenido atractivo y campa\u00f1as publicitarias segmentadas. \n Planificaci\u00f3n, publicaci\u00f3n y monitoreo constante para asegurar un engagement efectivo.<\/p>\n\t\t\t<div class=\"qodef-m-button\" style=\"margin-top: 45px\">\n\t\t<a class=\"qodef-shortcode qodef-m  qodef-button qodef-layout--filled  qodef-html--link\" href=\"https:\/\/empiremediafactory.com\/?page_id=9444\" target=\"_self\"  >\t<span class=\"qodef-m-text\">Conoce nuestros servicios<\/span>\t<span class=\"qodef-m-icon\"><svg class=\"qodef-svg--button-arrow\" xmlns=\"http:\/\/www.w3.org\/2000\/svg\" xmlns:xlink=\"http:\/\/www.w3.org\/1999\/xlink\" x=\"0px\" y=\"0px\" viewBox=\"0 0 11 13\" xml:space=\"preserve\"><g><polygon points=\"11,6.5 0,0 0,13\" \/><\/g><\/svg><\/span><\/a>\t<\/div>\n<\/div>\n\t\t\t\t<\/div>\n\t\t\t\t<\/div>\n\t\t\t\t\t<\/div>\n\t\t<\/div>\n\t\t\t\t\t<\/div>\n\t\t<\/section>\n\t\t\t\t\t<\/div>\n\t\t<\/div>\n\t\t\t\t\t<\/div>\n\t\t<\/section>\n\t\t\t\t<\/div>\n\t\t","protected":false},"excerpt":{"rendered":"<p>Empire Media Factory es mucho m\u00e1s que una agencia de marketing digital; somos creadores de estrategias. Nuestra historia est\u00e1 marcada por un compromiso constante con la excelencia, la creatividad y los resultados. Preparaci\u00f3n Empoderar a negocios de todos los tama\u00f1os con estrategias de marketing digital efectivas Mentor\u00eda Convertirnos en el socio estrat\u00e9gico m\u00e1s confiable y [&hellip;]<\/p>\n","protected":false},"author":1,"featured_media":0,"parent":0,"menu_order":0,"comment_status":"closed","ping_status":"closed","template":"page-full-width.php","meta":{"_uag_custom_page_level_css":"","footnotes":""},"class_list":["post-2072","page","type-page","status-publish","hentry"],"uagb_featured_image_src":{"full":false,"thumbnail":false,"medium":false,"medium_large":false,"large":false,"1536x1536":false,"2048x2048":false,"qi_addons_for_elementor_image_size_square":false,"qi_addons_for_elementor_image_size_landscape":false,"qi_addons_for_elementor_image_size_portrait":false,"qi_addons_for_elementor_image_size_huge-square":false,"otaru_core_image_size_square":false,"otaru_core_image_size_landscape":false,"otaru_core_image_size_portrait":false,"otaru_core_image_size_huge-square":false,"woocommerce_thumbnail":false,"woocommerce_single":false,"woocommerce_gallery_thumbnail":false},"uagb_author_info":{"display_name":"jrtbroker@gmail.com","author_link":"https:\/\/empiremediafactory.com\/?author=1"},"uagb_comment_info":0,"uagb_excerpt":"Empire Media Factory es mucho m\u00e1s que una agencia de marketing digital; somos creadores de estrategias. Nuestra historia est\u00e1 marcada por un compromiso constante con la excelencia, la creatividad y los resultados. Preparaci\u00f3n Empoderar a negocios de todos los tama\u00f1os con estrategias de marketing digital efectivas Mentor\u00eda Convertirnos en el socio estrat\u00e9gico m\u00e1s confiable y&hellip;","_links":{"self":[{"href":"https:\/\/empiremediafactory.com\/index.php?rest_route=\/wp\/v2\/pages\/2072","targetHints":{"allow":["GET"]}}],"collection":[{"href":"https:\/\/empiremediafactory.com\/index.php?rest_route=\/wp\/v2\/pages"}],"about":[{"href":"https:\/\/empiremediafactory.com\/index.php?rest_route=\/wp\/v2\/types\/page"}],"author":[{"embeddable":true,"href":"https:\/\/empiremediafactory.com\/index.php?rest_route=\/wp\/v2\/users\/1"}],"replies":[{"embeddable":true,"href":"https:\/\/empiremediafactory.com\/index.php?rest_route=%2Fwp%2Fv2%2Fcomments&post=2072"}],"version-history":[{"count":90,"href":"https:\/\/empiremediafactory.com\/index.php?rest_route=\/wp\/v2\/pages\/2072\/revisions"}],"predecessor-version":[{"id":9606,"href":"https:\/\/empiremediafactory.com\/index.php?rest_route=\/wp\/v2\/pages\/2072\/revisions\/9606"}],"wp:attachment":[{"href":"https:\/\/empiremediafactory.com\/index.php?rest_route=%2Fwp%2Fv2%2Fmedia&parent=2072"}],"curies":[{"name":"wp","href":"https:\/\/api.w.org\/{rel}","templated":true}]}}